{"id":8689,"date":"2025-12-28T19:23:11","date_gmt":"2025-12-29T00:23:11","guid":{"rendered":"https:\/\/www.vegetalarium.com\/?page_id=8689"},"modified":"2026-03-20T10:15:15","modified_gmt":"2026-03-20T14:15:15","slug":"hors-series","status":"publish","type":"page","link":"https:\/\/www.vegetalarium.com\/fr\/hors-series\/","title":{"rendered":"S\u00e9rie Hors"},"content":{"rendered":"<div data-elementor-type=\"wp-page\" data-elementor-id=\"8689\" class=\"elementor elementor-8689\" data-elementor-post-type=\"page\">\n\t\t\t\t<div class=\"elementor-element elementor-element-9739599 e-flex e-con-boxed e-con e-parent\" data-id=\"9739599\" data-element_type=\"container\" data-e-type=\"container\">\n\t\t\t\t\t<div class=\"e-con-inner\">\n\t\t<div class=\"elementor-element elementor-element-c66a5f1 e-con-full e-flex e-con e-child\" data-id=\"c66a5f1\" data-element_type=\"container\" data-e-type=\"container\">\n\t\t\t\t<div class=\"elementor-element elementor-element-5b4cadf elementor-widget elementor-widget-image\" data-id=\"5b4cadf\" data-element_type=\"widget\" data-e-type=\"widget\" data-widget_type=\"image.default\">\n\t\t\t\t<div class=\"elementor-widget-container\">\n\t\t\t\t\t\t\t\t\t\t\t\t\t\t\t<img fetchpriority=\"high\" decoding=\"async\" width=\"1024\" height=\"683\" src=\"https:\/\/www.vegetalarium.com\/wp-content\/uploads\/2025\/12\/Writing-at-dusk-of-a-day-1024x683.avif\" class=\"attachment-large size-large wp-image-8691\" alt=\"Handwritten notes at dusk, reflecting on material and creative process.\" srcset=\"https:\/\/www.vegetalarium.com\/wp-content\/uploads\/2025\/12\/Writing-at-dusk-of-a-day-1024x683.avif 1024w, https:\/\/www.vegetalarium.com\/wp-content\/uploads\/2025\/12\/Writing-at-dusk-of-a-day-300x200.avif 300w, https:\/\/www.vegetalarium.com\/wp-content\/uploads\/2025\/12\/Writing-at-dusk-of-a-day-768x512.avif 768w, https:\/\/www.vegetalarium.com\/wp-content\/uploads\/2025\/12\/Writing-at-dusk-of-a-day-990x660.avif 990w, https:\/\/www.vegetalarium.com\/wp-content\/uploads\/2025\/12\/Writing-at-dusk-of-a-day-441x294.avif 441w, https:\/\/www.vegetalarium.com\/wp-content\/uploads\/2025\/12\/Writing-at-dusk-of-a-day-800x533.avif 800w, https:\/\/www.vegetalarium.com\/wp-content\/uploads\/2025\/12\/Writing-at-dusk-of-a-day-150x100.avif 150w, https:\/\/www.vegetalarium.com\/wp-content\/uploads\/2025\/12\/Writing-at-dusk-of-a-day.avif 1200w\" sizes=\"(max-width: 1024px) 100vw, 1024px\" \/>\t\t\t\t\t\t\t\t\t\t\t\t\t\t\t<\/div>\n\t\t\t\t<\/div>\n\t\t\t\t<\/div>\n\t\t\t\t\t<\/div>\n\t\t\t\t<\/div>\n\t\t<div class=\"elementor-element elementor-element-6d7ab4a e-flex e-con-boxed e-con e-parent\" data-id=\"6d7ab4a\" data-element_type=\"container\" data-e-type=\"container\">\n\t\t\t\t\t<div class=\"e-con-inner\">\n\t\t\t\t<div class=\"elementor-element elementor-element-9503563 elementor-widget elementor-widget-heading\" data-id=\"9503563\" data-element_type=\"widget\" data-e-type=\"widget\" data-widget_type=\"heading.default\">\n\t\t\t\t<div class=\"elementor-widget-container\">\n\t\t\t\t\t<h3 class=\"elementor-heading-title elementor-size-default\">Hors S\u00e9rie - Fragments de mati\u00e8re<\/h3>\t\t\t\t<\/div>\n\t\t\t\t<\/div>\n\t\t\t\t\t<\/div>\n\t\t\t\t<\/div>\n\t\t<div class=\"elementor-element elementor-element-f283e9e e-flex e-con-boxed e-con e-parent\" data-id=\"f283e9e\" data-element_type=\"container\" data-e-type=\"container\">\n\t\t\t\t\t<div class=\"e-con-inner\">\n\t\t\t\t<div class=\"elementor-element elementor-element-e196196 elementor-widget elementor-widget-text-editor\" data-id=\"e196196\" data-element_type=\"widget\" data-e-type=\"widget\" data-widget_type=\"text-editor.default\">\n\t\t\t\t<div class=\"elementor-widget-container\">\n\t\t\t\t\t\t\t\t\t<p style=\"text-align: center;\"><strong>Cet espace ne concerne pas les objets finis.<\/strong><br data-start=\"268\" data-end=\"271\" \/><strong>Il s'agit de mat\u00e9riel, d'erreurs et de ce qui se passe entre les deux.<\/strong><\/p>\t\t\t\t\t\t\t\t<\/div>\n\t\t\t\t<\/div>\n\t\t\t\t\t<\/div>\n\t\t\t\t<\/div>\n\t\t<div class=\"elementor-element elementor-element-7b4a45c e-flex e-con-boxed e-con e-parent\" data-id=\"7b4a45c\" data-element_type=\"container\" data-e-type=\"container\">\n\t\t\t\t\t<div class=\"e-con-inner\">\n\t\t\t\t<div class=\"elementor-element elementor-element-6979751 elementor-widget elementor-widget-text-editor\" data-id=\"6979751\" data-element_type=\"widget\" data-e-type=\"widget\" data-widget_type=\"text-editor.default\">\n\t\t\t\t<div class=\"elementor-widget-container\">\n\t\t\t\t\t\t\t\t\t<ul><li><span style=\"color: #993300;\"><a style=\"color: #993300;\" href=\"https:\/\/www.vegetalarium.com\/fr\/fragment-1-when-the-recipe-fades\/\"><span style=\"color: #800000;\">Fragment 1 <\/span>- Lorsque la recette s'estompe...<\/a><\/span><\/li><li><span style=\"color: #993300;\"><a style=\"color: #993300;\" href=\"https:\/\/www.vegetalarium.com\/fr\/fragment-2-when-i-add-pigments\/\"><span style=\"color: #800000;\">Fragment 2<\/span> - Lorsque j'ajoute des pigments...<\/a><\/span><\/li><li><p class=\"wp-block-heading\"><a href=\"https:\/\/www.vegetalarium.com\/fr\/fragment-3-when-imperfection-became-the-goal\/\"><span style=\"color: #993300;\">Fragment 3 - Quand l'imperfection devient le but...\u00a0<\/span><\/a><\/p><\/li><li><p class=\"wp-block-heading\"><span style=\"color: #993300;\"><a style=\"color: #993300;\" href=\"https:\/\/www.vegetalarium.com\/fr\/fragment-4-the-day-i-stopped-correcting\/\">Fragment 4 - Le jour o\u00f9 j'ai arr\u00eat\u00e9 la correction<\/a><\/span><\/p><\/li><li><p class=\"wp-block-heading\"><span style=\"color: #993300;\"><a style=\"color: #993300;\" href=\"https:\/\/www.vegetalarium.com\/fr\/fragment-5-what-my-hands-learned-from-cooling\/\">Fragment 5 - Ce que mes mains ont appris du refroidissement<\/a><\/span><\/p><\/li><li><a href=\"https:\/\/www.vegetalarium.com\/fr\/dust-in-the-air-silence-in-the-workshop\/\"><span style=\"color: #993300;\">Fragment 6 - Poussi\u00e8re dans l'air, silence dans l'atelier <\/span><\/a><\/li><\/ul>\t\t\t\t\t\t\t\t<\/div>\n\t\t\t\t<\/div>\n\t\t\t\t<div class=\"elementor-element elementor-element-8016d15 elementor-widget elementor-widget-text-editor\" data-id=\"8016d15\" data-element_type=\"widget\" data-e-type=\"widget\" data-widget_type=\"text-editor.default\">\n\t\t\t\t<div class=\"elementor-widget-container\">\n\t\t\t\t\t\t\t\t\t<div class=\"elementor-element elementor-element-e7rwqYs e-con-full e-flex e-con e-child\" data-id=\"e7rwqYs\" data-element_type=\"container\"><div class=\"elementor-element elementor-element-pBrnMkU elementor-widget elementor-widget-theme-site-logo elementor-widget-image\" style=\"text-align: center;\" data-id=\"pBrnMkU\" data-element_type=\"widget\" data-widget_type=\"theme-site-logo.default\"><div class=\"elementor-widget-container\"><a href=\"https:\/\/www.vegetalarium.com\/fr\/\"><img decoding=\"async\" class=\"attachment-full wp-image-7890\" src=\"https:\/\/www.vegetalarium.com\/wp-content\/uploads\/2025\/09\/Vegetalarium-couleur-2.0.png.webp\" sizes=\"(max-width: 500px) 100vw, 500px\" srcset=\"https:\/\/www.vegetalarium.com\/wp-content\/uploads\/2025\/09\/Vegetalarium-couleur-2.0.png.webp 500w, https:\/\/www.vegetalarium.com\/wp-content\/uploads\/2025\/09\/Vegetalarium-couleur-2.0-300x300.png.webp 300w, https:\/\/www.vegetalarium.com\/wp-content\/uploads\/2025\/09\/Vegetalarium-couleur-2.0-150x150.png.webp 150w, https:\/\/www.vegetalarium.com\/wp-content\/uploads\/2025\/09\/Vegetalarium-couleur-2.0-441x441.png.webp 441w, https:\/\/www.vegetalarium.com\/wp-content\/uploads\/2025\/09\/Vegetalarium-couleur-2.0-100x100.png.webp 100w\" alt=\"\" width=\"130\" height=\"130\" \/><\/a><\/div><\/div><\/div><div class=\"elementor-element elementor-element-t4vIjbQ e-con-full e-flex e-con e-child\" data-id=\"t4vIjbQ\" data-element_type=\"container\"><div class=\"elementor-element elementor-element-YECgLH0 e-con-full e-flex e-con e-child\" data-id=\"YECgLH0\" data-element_type=\"container\"><div class=\"elementor-element elementor-element-jw4cv7E elementor-widget__width-auto elementor-widget elementor-widget-heading\" data-id=\"jw4cv7E\" data-element_type=\"widget\" data-widget_type=\"heading.default\"><div class=\"elementor-widget-container\"><p class=\"elementor-heading-title elementor-size-default\" style=\"text-align: center;\">\u00a9 2026 V\u00e9g\u00e9talarium. Tous droits r\u00e9serv\u00e9s<\/p><\/div><\/div><\/div><\/div>\t\t\t\t\t\t\t\t<\/div>\n\t\t\t\t<\/div>\n\t\t\t\t\t<\/div>\n\t\t\t\t<\/div>\n\t\t\t\t<\/div>","protected":false},"excerpt":{"rendered":"<p>Hors Series \u2014 Fragments of Matter This space is not about finished objects.It is about material, mistakes, and what happens in between. Fragment 1 \u2014 When the Recipe Fades&#8230; Fragment 2 \u2014 When I add pigments&#8230; Fragment 3 \u2014 When Imperfection Became the Goal&#8230;\u00a0 Fragment 4 \u2014 The Day I Stopped Correcting Fragment 5 \u2014 [&hellip;]<\/p>\n","protected":false},"author":1,"featured_media":8691,"parent":0,"menu_order":0,"comment_status":"closed","ping_status":"closed","template":"","meta":{"footnotes":""},"class_list":["post-8689","page","type-page","status-publish","has-post-thumbnail","hentry"],"aioseo_notices":[],"_links":{"self":[{"href":"https:\/\/www.vegetalarium.com\/fr\/wp-json\/wp\/v2\/pages\/8689","targetHints":{"allow":["GET"]}}],"collection":[{"href":"https:\/\/www.vegetalarium.com\/fr\/wp-json\/wp\/v2\/pages"}],"about":[{"href":"https:\/\/www.vegetalarium.com\/fr\/wp-json\/wp\/v2\/types\/page"}],"author":[{"embeddable":true,"href":"https:\/\/www.vegetalarium.com\/fr\/wp-json\/wp\/v2\/users\/1"}],"replies":[{"embeddable":true,"href":"https:\/\/www.vegetalarium.com\/fr\/wp-json\/wp\/v2\/comments?post=8689"}],"version-history":[{"count":18,"href":"https:\/\/www.vegetalarium.com\/fr\/wp-json\/wp\/v2\/pages\/8689\/revisions"}],"predecessor-version":[{"id":9392,"href":"https:\/\/www.vegetalarium.com\/fr\/wp-json\/wp\/v2\/pages\/8689\/revisions\/9392"}],"wp:featuredmedia":[{"embeddable":true,"href":"https:\/\/www.vegetalarium.com\/fr\/wp-json\/wp\/v2\/media\/8691"}],"wp:attachment":[{"href":"https:\/\/www.vegetalarium.com\/fr\/wp-json\/wp\/v2\/media?parent=8689"}],"curies":[{"name":"wp","href":"https:\/\/api.w.org\/{rel}","templated":true}]}}